{"id":84,"date":"2014-11-16T16:35:18","date_gmt":"2014-11-16T15:35:18","guid":{"rendered":"http:\/\/maison-bernieres.fr\/?page_id=84"},"modified":"2023-06-26T13:48:13","modified_gmt":"2023-06-26T12:48:13","slug":"tarifs-2","status":"publish","type":"page","link":"https:\/\/maison-bernieres.fr\/?page_id=84","title":{"rendered":"Tarifs"},"content":{"rendered":"<p><strong><em><span style=\"color: #3366ff;\">Tarifs au 10\/08\/2022 :<\/span><\/em><\/strong><\/p>\n<ul>\n<li><span style=\"color: #3366ff;\">Haute saison (juillet-aout) : 810 \u20ac\/semaine<\/span><\/li>\n<li><span style=\"color: #3366ff;\">Moyenne saison (mai, juin, septembre et vacances scolaires) : 690 \u20ac\/semaine<\/span><\/li>\n<li><span style=\"color: #3366ff;\">Basse saison (d&rsquo;octobre \u00e0 avril et hors vacances scolaires) : 590 \u20ac\/semaine<\/span><\/li>\n<\/ul>\n<p><span style=\"color: #3366ff;\">En moyenne et basse saison uniquement location possible de 2 nuits minimum au tarif de 115\u20ac\/nuit<\/span><\/p>\n<p><strong><em><span style=\"color: #3366ff;\">Options possibles (non obligatoires)<\/span><\/em><\/strong> <em><span style=\"color: #3366ff;\">:<\/span><\/em><\/p>\n<ul>\n<li><span style=\"color: #3366ff;\">Forfait m\u00e9nage : 60\u20ac<\/span><\/li>\n<li><span style=\"color: #3366ff;\">Location linge de lit\/housse de couette 1pers+ taie 65&#215;65 : 8\u20ac\/lit<\/span><\/li>\n<li><span style=\"color: #3366ff;\">Location linge de lit\/housse de couette 2pers+ taie 65&#215;65 : 12\u20ac\/lit<\/span><\/li>\n<li><span style=\"color: #3366ff;\">Location pack 1 pers 1 lit \u2013 Linge lit + Toilettes et Cuisine : 17\u20ac<\/span><\/li>\n<li><span style=\"color: #3366ff;\">Location pack Grand lit \u2013 Linge lit + Toilettes et Cuisine : 22\u20ac<\/span><\/li>\n<li><span style=\"color: #3366ff;\">Lits faits \u00e0 l\u2019arriv\u00e9e 1 pers : 6\u20ac\/lit<\/span><\/li>\n<li><span style=\"color: #3366ff;\">Lits faits \u00e0 l\u2019arriv\u00e9e 2 pers :&nbsp; 9\u20ac\/lit<\/span><\/li>\n<\/ul>\n<p><span style=\"color: #3366ff;\">Le m\u00e9nage doit \u00eatre fait avant votre d\u00e9part, la maison doit<\/span> <span style=\"color: #3366ff;\">\u00eatre rendue propre et rang\u00e9e \u00e0 l&rsquo;identique de votre arriv\u00e9e. Si vous souhaitez prendre l&rsquo;option m\u00e9nage, voir ci-dessus.<\/span><\/p>\n<p><span style=\"color: #3366ff;\">Les diff\u00e9rentes options sont \u00e0 demander lors de la r\u00e9servation.<\/span><\/p>\n<p><span style=\"color: #3366ff;\">A ces tarifs, il convient de rajouter la taxe de s\u00e9jour de 0,90 euros\/personne\/jour pour les plus de 18 ans<br \/>\nDu 1er octobre au 31 mai inclus la consommation \u00e9lectrique n&rsquo;est pas comprise dans le prix de la location. Elle est factur\u00e9e en suppl\u00e9ment au tarif EDF en vigueur.<\/span><\/p>\n<p><span style=\"color: #3366ff;\">Paiement possible par ch\u00e8que, virement, ch\u00e8que vacances,&nbsp;Paypal.<\/span><\/p>\n","protected":false},"excerpt":{"rendered":"<p>Tarifs au 10\/08\/2022 : Haute saison (juillet-aout) : 810 \u20ac\/semaine Moyenne saison (mai, juin, septembre et vacances scolaires) : 690 \u20ac\/semaine Basse saison (d&rsquo;octobre \u00e0 avril et hors vacances scolaires) : 590 \u20ac\/semaine En moyenne et basse saison uniquement location possible de 2 nuits minimum au tarif de 115\u20ac\/nuit Options possibles (non obligatoires) : Forfait <a class=\"read-more\" href=\"https:\/\/maison-bernieres.fr\/?page_id=84\">[&hellip;]<\/a><\/p>\n","protected":false},"author":1,"featured_media":0,"parent":0,"menu_order":2,"comment_status":"closed","ping_status":"open","template":"","meta":{"ngg_post_thumbnail":0,"footnotes":""},"class_list":["post-84","page","type-page","status-publish","hentry"],"_links":{"self":[{"href":"https:\/\/maison-bernieres.fr\/index.php?rest_route=\/wp\/v2\/pages\/84","targetHints":{"allow":["GET"]}}],"collection":[{"href":"https:\/\/maison-bernieres.fr\/index.php?rest_route=\/wp\/v2\/pages"}],"about":[{"href":"https:\/\/maison-bernieres.fr\/index.php?rest_route=\/wp\/v2\/types\/page"}],"author":[{"embeddable":true,"href":"https:\/\/maison-bernieres.fr\/index.php?rest_route=\/wp\/v2\/users\/1"}],"replies":[{"embeddable":true,"href":"https:\/\/maison-bernieres.fr\/index.php?rest_route=%2Fwp%2Fv2%2Fcomments&post=84"}],"version-history":[{"count":34,"href":"https:\/\/maison-bernieres.fr\/index.php?rest_route=\/wp\/v2\/pages\/84\/revisions"}],"predecessor-version":[{"id":780,"href":"https:\/\/maison-bernieres.fr\/index.php?rest_route=\/wp\/v2\/pages\/84\/revisions\/780"}],"wp:attachment":[{"href":"https:\/\/maison-bernieres.fr\/index.php?rest_route=%2Fwp%2Fv2%2Fmedia&parent=84"}],"curies":[{"name":"wp","href":"https:\/\/api.w.org\/{rel}","templated":true}]}}