{"id":82,"date":"2014-11-16T16:35:07","date_gmt":"2014-11-16T15:35:07","guid":{"rendered":"http:\/\/maison-bernieres.fr\/?page_id=82"},"modified":"2023-06-26T13:43:37","modified_gmt":"2023-06-26T12:43:37","slug":"description-2","status":"publish","type":"page","link":"https:\/\/maison-bernieres.fr\/?page_id=82","title":{"rendered":"Description"},"content":{"rendered":"<p><span style=\"color: #3366ff;\">Maison (80 m\u00b2) de plein pied avec jardin clos de 500 m\u00b2.<\/span><\/p>\n<ul>\n<li><span style=\"color: #3366ff;\">Grande pi\u00e8ce \u00e0 vivre de 30 m\u00b2, t\u00e9l\u00e9vision avec TNT<\/span><\/li>\n<li><span style=\"color: #3366ff;\">Cuisine ouverte avec cuisini\u00e8re vitroc\u00e9ramique, combi cong\u00e9lateur, lave vaisselle, micro-ondes, cafeti\u00e8re \u00e9lectrique, grille-pain, bouilloire \u00e9lectrique.<\/span><\/li>\n<li><span style=\"color: #3366ff;\">Salle de bain avec douche, double vasque et lave linge<\/span><\/li>\n<li><span style=\"color: #3366ff;\">Chambre 1: deux lits une personnes (90 x 190)<\/span><\/li>\n<li><span style=\"color: #3366ff;\">Chambre 2: un lit deux personnes (140 x 200)<\/span><\/li>\n<li><span style=\"color: #3366ff;\">Chambre 3: un lit deux personnes (140 x 200)<\/span><\/li>\n<li><span style=\"color: #3366ff;\">Jardin plein sud avec une haie pr\u00e9servant la tranquillit\u00e9, salon de jardin et barbecue<\/span><\/li>\n<\/ul>\n<p><span style=\"color: #3366ff;\">Les arriv\u00e9es se font entre 15h et 19h et les d\u00e9parts avant 10h.<\/span><\/p>\n<p><span style=\"color: #3366ff;\"><em>Pas de connexion WIFI<\/em><\/span><\/p>\n<p><span style=\"color: #3366ff;\"><em>Chaise haute, lit parapluie avec matelas et baignoire b\u00e9b\u00e9 sur demande<\/em><\/span><\/p>\n<p><span style=\"color: #3366ff;\"><em>Animaux non accept\u00e9s &#8211; location non fumeur<\/em><\/span><\/p>\n<p><span style=\"color: #3366ff;\"><em>Proximit\u00e9 plage, commerces et activit\u00e9s de loisir<\/em><\/span><\/p>\n","protected":false},"excerpt":{"rendered":"<p>Maison (80 m\u00b2) de plein pied avec jardin clos de 500 m\u00b2. Grande pi\u00e8ce \u00e0 vivre de 30 m\u00b2, t\u00e9l\u00e9vision avec TNT Cuisine ouverte avec cuisini\u00e8re vitroc\u00e9ramique, combi cong\u00e9lateur, lave vaisselle, micro-ondes, cafeti\u00e8re \u00e9lectrique, grille-pain, bouilloire \u00e9lectrique. Salle de bain avec douche, double vasque et lave linge Chambre 1: deux lits une personnes (90 x <a class=\"read-more\" href=\"https:\/\/maison-bernieres.fr\/?page_id=82\">[&hellip;]<\/a><\/p>\n","protected":false},"author":1,"featured_media":0,"parent":0,"menu_order":1,"comment_status":"closed","ping_status":"open","template":"","meta":{"ngg_post_thumbnail":0,"footnotes":""},"class_list":["post-82","page","type-page","status-publish","hentry"],"_links":{"self":[{"href":"https:\/\/maison-bernieres.fr\/index.php?rest_route=\/wp\/v2\/pages\/82","targetHints":{"allow":["GET"]}}],"collection":[{"href":"https:\/\/maison-bernieres.fr\/index.php?rest_route=\/wp\/v2\/pages"}],"about":[{"href":"https:\/\/maison-bernieres.fr\/index.php?rest_route=\/wp\/v2\/types\/page"}],"author":[{"embeddable":true,"href":"https:\/\/maison-bernieres.fr\/index.php?rest_route=\/wp\/v2\/users\/1"}],"replies":[{"embeddable":true,"href":"https:\/\/maison-bernieres.fr\/index.php?rest_route=%2Fwp%2Fv2%2Fcomments&post=82"}],"version-history":[{"count":17,"href":"https:\/\/maison-bernieres.fr\/index.php?rest_route=\/wp\/v2\/pages\/82\/revisions"}],"predecessor-version":[{"id":778,"href":"https:\/\/maison-bernieres.fr\/index.php?rest_route=\/wp\/v2\/pages\/82\/revisions\/778"}],"wp:attachment":[{"href":"https:\/\/maison-bernieres.fr\/index.php?rest_route=%2Fwp%2Fv2%2Fmedia&parent=82"}],"curies":[{"name":"wp","href":"https:\/\/api.w.org\/{rel}","templated":true}]}}