{"id":436,"date":"2017-05-25T17:29:46","date_gmt":"2017-05-25T16:29:46","guid":{"rendered":"http:\/\/maison-bernieres.fr\/?page_id=436"},"modified":"2023-08-31T21:23:21","modified_gmt":"2023-08-31T20:23:21","slug":"livre-dor","status":"publish","type":"page","link":"https:\/\/maison-bernieres.fr\/?page_id=436","title":{"rendered":"Livre d&rsquo;Or"},"content":{"rendered":"<p><span style=\"color: #3366ff;\">Aout 2023<\/span><\/p>\n<p><strong><span style=\"color: #3366ff;\">\u00ab\u00a0le logement \u00e9tait super\u00a0\u00bb&nbsp;<\/span><\/strong><\/p>\n<p><span style=\"color: #3366ff;\">Rien \u00e0 redire le logement \u00e9tait super<\/span><\/p>\n<hr>\n<p><span style=\"color: #3366ff;\">Juillet 2023<\/span><\/p>\n<p><strong><span style=\"color: #3366ff;\">\u00ab\u00a0Jolie maison\u00a0\u00bb<\/span><\/strong><\/p>\n<p><span style=\"color: #3366ff;\">Jolie maison avec un jardin agr\u00e9able maison tr\u00e8s propre et super bien situ\u00e9e. a pied pour les commerces et la plage<\/span><\/p>\n<hr>\n<p><span style=\"color: #3366ff;\">Juillet 2023<\/span><\/p>\n<p><strong><span style=\"color: #3366ff;\">\u00ab\u00a0Charmante maison\u00a0\u00bb<\/span><\/strong><\/p>\n<p><span style=\"color: #3366ff;\">Charmante maison proche de la mer et bien d\u00e9cor\u00e9e, agr\u00e9able pour un s\u00e9jour en famille. Tr\u00e8s beau jardin fleuri.<\/span><\/p>\n<hr>\n<p>&nbsp;<\/p>\n<p><span style=\"color: #3366ff;\">Juin 2023<\/span><\/p>\n<p><span style=\"color: #3366ff;\"><strong>\u00ab\u00a0Tr\u00e8s confortable\u00a0\u00bb<\/strong><\/span><\/p>\n<p><span style=\"color: #3366ff;\">Tr\u00e8s confortable, d\u00e9coration de bon go\u00fbt. Beau jardin, tr\u00e8s tranquille et bon endroit proche de tout. Beau village.<\/span><\/p>\n<hr>\n<p><span style=\"color: #3366ff;\">Mai 2023<\/span><\/p>\n<p><strong><span style=\"color: #3366ff;\">\u00ab\u00a0Bon s\u00e9jour\u00a0\u00bb<\/span><\/strong><\/p>\n<p><span style=\"color: #3366ff;\">Bon s\u00e9jour. Logement OK bien plac\u00e9.<\/span><\/p>\n<hr>\n<p><span style=\"color: #3366ff;\">Septembre 2022<\/span><\/p>\n<p><strong><span style=\"color: #3366ff;\">\u00ab\u00a0Charmant\u00a0\u00bb<\/span><\/strong><\/p>\n<p><span style=\"color: #3366ff;\">Tout dans cette maison est incroyablement charmant. Le village est charmant, la maison est charmante, la plage est belle. La coordination de l&rsquo;enregistrement et du d\u00e9part aurait \u00e9t\u00e9 d\u00e9licate si la soci\u00e9t\u00e9 de coordination n&rsquo;avait pas \u00e9t\u00e9 aussi r\u00e9active. Heureusement, ils l&rsquo;\u00e9taient. Vous devez payer un suppl\u00e9ment pour les draps et autres. La maison elle-m\u00eame \u00e9tait si confortable et propre, et mes enfants adoraient courir dans le jardin. Nous avons pass\u00e9 un agr\u00e9able s\u00e9jour.<\/span><\/p>\n<hr>\n<p><span style=\"color: #3366ff;\">Juillet 2022<\/span><\/p>\n<p><strong><span style=\"color: #3366ff;\">\u00ab\u00a0Super endroit\u00a0\u00bb<\/span><\/strong><\/p>\n<p><span style=\"color: #3366ff;\">Un super endroit parfait pour un s\u00e9jour en famille ou avec des amis. La maison est tr\u00e8s pr\u00e9 de la plage et le voisinage est tr\u00e8s calme. La communication \u00e9tait facile et les indications claires.&nbsp;<\/span><\/p>\n<hr>\n<p><span style=\"color: #3366ff;\">Juillet 2022<\/span><\/p>\n<p><strong><span style=\"color: #3366ff;\">\u00ab\u00a0Vacances 2022 Normandie\u00a0\u00bb<\/span><\/strong><\/p>\n<p><span style=\"color: #3366ff;\">Nous avons pass\u00e9 un agr\u00e9able s\u00e9jour en famille \u00e0 Bernieres sur mer, dans cette maison tr\u00e8s calme, fonctionnelle et lumineuse. A proximit\u00e9 des commerces et de la mer.<\/span><\/p>\n<hr>\n<p><span style=\"color: #3366ff;\">Juillet 2022<\/span><\/p>\n<p><strong><span style=\"color: #3366ff;\">\u00ab\u00a0Charmante maison\u00a0\u00bb<\/span><\/strong><\/p>\n<p><span style=\"color: #3366ff;\">Charmante petite maison \u00e0 proximit\u00e9 de la plage et des principaux sites de visites dans la r\u00e9gion.<\/span><\/p>\n<hr>\n<p><span style=\"color: #3366ff;\">Juillet 2022<\/span><\/p>\n<p><strong><span style=\"color: #3366ff;\">\u00ab\u00a0Emplacement id\u00e9al\u00a0\u00bb<\/span><\/strong><\/p>\n<p><span style=\"color: #3366ff;\">Emplacement id\u00e9al pour visiter les plages du d\u00e9barquement. Maison simple et propre dans un quartier r\u00e9sidentiel tr\u00e8s calme.. Jolie d\u00e9coration marine. Vaisselier dans le salon pas fonctionnel pour ranger ou utiliser la vaisselle. Jardin agr\u00e9able . Dommage qu il n y ait aucun transat pour en profiter. Location conforme \u00e0 la description.<\/span><\/p>\n<hr>\n<p><span style=\"color: #3366ff;\">Avril 2022<\/span><\/p>\n<p><strong><span style=\"color: #3366ff;\">\u00ab\u00a0S\u00e9jour agr\u00e9able. Maison confortable.\u00a0\u00bb<\/span><\/strong><\/p>\n<p><span style=\"color: #3366ff;\">Propri\u00e9t\u00e9 bien plac\u00e9e, agr\u00e9able en famille.<\/span><\/p>\n<hr>\n<p><span style=\"color: #3366ff;\">Octobre 2021<\/span><\/p>\n<p><strong><span style=\"color: #3366ff;\">\u00ab\u00a0Merveilleux s\u00e9jour\u00a0\u00bb<\/span><\/strong><\/p>\n<p><span style=\"color: #3366ff;\">Nous avons pass\u00e9 un merveilleux s\u00e9jour. La maison est parfaite tant en ce qui concerne l&rsquo;agencement, que son am\u00e9nagement. Le jardin est un bonheur. Nous avons vraiment \u00e9t\u00e9 tr\u00e8s heureux de ces quelque jours pass\u00e9s et serions tr\u00e8s heureux de pouvoir y revenir.<\/span><\/p>\n<hr>\n<p><span style=\"color: #3366ff;\">Juin 2021<\/span><\/p>\n<p><strong><span style=\"color: #3366ff;\">\u00ab\u00a0Excellent s\u00e9jour\u00a0\u00bb<\/span><\/strong><\/p>\n<p><span style=\"color: #3366ff;\">Nous avons pass\u00e9 un excellent s\u00e9jour dans la maison tr\u00e8s agr\u00e9able de Jean Louis. Maison chaleureuse et tr\u00e8s propre , on s y sent bien !&#x1f609; Belles ballades \u00e0 faire et \u00e0 d\u00e9couvrir tout proche des plages normandes. Centre ville \u00e0 proximit\u00e9 pour faire ses courses. Et tr\u00e8s bons fruits de mer chez Gaubert m\u00eame excellent ! Tout \u00e9tait parfait &#x1f44d;<\/span><\/p>\n<hr>\n<p><span style=\"color: #3366ff;\">Mai 2021<\/span><\/p>\n<p><strong><span style=\"color: #3366ff;\">\u00ab\u00a0Tr\u00e8s bon s\u00e9jour\u00a0\u00bb<\/span><\/strong><\/p>\n<p><span style=\"color: #3366ff;\">Nous avons pass\u00e9 un tr\u00e8s bon s\u00e9jour dans votre location. Elle est tr\u00e8s agr\u00e9able et surtout bien \u00e9quip\u00e9e. Nous conservons vos coordonn\u00e9es pour une prochaine fois. Bonne journ\u00e9e.<\/span><\/p>\n<hr>\n<p><span style=\"color: #3366ff;\">Mai 2021<\/span><\/p>\n<p><strong><span style=\"color: #3366ff;\">\u00ab\u00a0S\u00e9jour agr\u00e9able!\u00a0\u00bb<\/span><\/strong><\/p>\n<p><span style=\"color: #3366ff;\">S\u00e9jour agr\u00e9able! La maison est id\u00e9alement plac\u00e9 on acc\u00e8de rapidement \u00e0 la plage en 12mn a pied. Charmant village! Id\u00e9al pour un week-end en famille<\/span><\/p>\n<hr>\n<p><span style=\"color: #3366ff;\">Mars 2021<\/span><\/p>\n<p><strong><span style=\"color: #3366ff;\">\u00ab\u00a0Maison bien \u00e9quip\u00e9e et agr\u00e9ablement d\u00e9cor\u00e9e \u00e0 2 pas de la mer et des commerces\u00a0\u00bb<\/span><\/strong><\/p>\n<p><span style=\"color: #3366ff;\">Nous avons pass\u00e9 un excellent s\u00e9jour en famille. Jean-Louis est un h\u00f4te tr\u00e8s r\u00e9actif. La maison est bien \u00e9quip\u00e9e et joliment d\u00e9cor\u00e9e, \u00e0 2 pas de la mer et des commerces. Je recommande<\/span><\/p>\n<hr>\n<p><span style=\"color: #3366ff;\">Mars 2021<\/span><\/p>\n<p><strong><span style=\"color: #3366ff;\">\u00ab\u00a0Maison super agr\u00e9able\u00a0\u00bb<\/span><\/strong><\/p>\n<p><span style=\"color: #3366ff;\">Maison super agr\u00e9able et bien entretenue. la mer est \u00e0 deux pas. Nous reviendrons aux beaux jours!<\/span><\/p>\n<hr>\n<p><span style=\"color: #3366ff;\">F\u00e9vrier 2021<\/span><\/p>\n<p><span style=\"color: #3366ff;\"><b class=\"titre-avis\">\u00ab\u00a0<\/b><strong>Top<\/strong><b class=\"titre-avis\">\u00ab\u00a0<\/b><\/span><\/p>\n<p><span style=\"color: #3366ff;\">Top! Proche mer et jardin bien expos\u00e9 et clos<\/span><\/p>\n<p><span style=\"color: #3366ff;\">Compliments sur: Propret\u00e9 impeccable, r\u00e9activit\u00e9, D\u00e9co et Design<\/span><\/p>\n<hr>\n<p><span style=\"color: #3366ff;\">D\u00e9cembre 2020<\/span><\/p>\n<p><span style=\"color: #3366ff;\"><b class=\"titre-avis\">\u00ab\u00a0<\/b><strong>Agr\u00e9able maison bien situ\u00e9e<\/strong><b class=\"titre-avis\">\u00ab\u00a0<\/b><\/span><\/p>\n<p><span style=\"color: #3366ff;\">La maison est tout \u00e0 fait conforme \u00e0 sa description, confortable (bonne literie), au calme, lumineuse tr\u00e8s bien \u00e9quip\u00e9e (pas de wifi) et joliment d\u00e9cor\u00e9e. Les commerces sont \u00e0 5 minutes \u00e0 pieds, la plage \u00e0 10, le march\u00e9 de Courseulles \u00e0 10 min en voiture.<\/span><\/p>\n<hr>\n<p><span style=\"color: #3366ff;\">Juillet 2020<\/span><\/p>\n<p><span style=\"color: #3366ff;\"><b class=\"titre-avis\">\u00ab\u00a0Maison tr\u00e8s agr\u00e9able\u00a0\u00bb<\/b><\/span><br \/>\n<span style=\"color: #3366ff;\">Maison tr\u00e8s agr\u00e9able, joliment d\u00e9cor\u00e9e, fonctionnelle et bien \u00e9quip\u00e9e. Nous avons particuli\u00e8rement appr\u00e9ci\u00e9 le beau jardin qui l&rsquo;entoure.<\/span><\/p>\n<hr>\n<p><span style=\"color: #3366ff;\">Juin 2020<\/span><\/p>\n<p><span style=\"color: #3366ff;\"><b class=\"titre-avis\">\u00ab\u00a0Tr\u00e8s bon s\u00e9jour\u00a0\u00bb<\/b><\/span><br \/>\n<span style=\"color: #3366ff;\">Nous avons pass\u00e9 un excellent WE dans cette maison agr\u00e9able, bien \u00e9quip\u00e9e et bien situ\u00e9e au calme tout en \u00e9tant proche de la mer. Nous reviendrons.<\/span><\/p>\n<hr>\n<p><span style=\"color: #3366ff;\">Juin 2020<\/span><\/p>\n<p><span style=\"color: #3366ff;\">Venons de passer 4 jours \u00e0 Berni\u00e8res-sur-Mer sous un soleil \u00e9clatant. G\u00eete tr\u00e8s agr\u00e9able et bien \u00e9quip\u00e9. Aucun probl\u00e8me gardons cette adresse pour un autre s\u00e9jour familial \u00e0 venir Christophe M.<\/span><\/p>\n<hr>\n<p><span style=\"color: #3366ff;\">Juin 2019<\/span><\/p>\n<p><span style=\"color: #3366ff;\">Tr\u00e8s bien am\u00e9nag\u00e9e, literie correcte, rien a signaler de particulier.<\/span><\/p>\n<hr>\n<p><span style=\"color: #3366ff;\">Juin 2019<\/span><\/p>\n<p><span style=\"color: #3366ff;\">Maison agr\u00e9able avec un jardin \u00e0 l&rsquo;abri des voisins. La plage et la surface commerciale ne sont pas tr\u00e8s loin. On y retournera.<\/span><\/p>\n<hr>\n<p><span style=\"color: #3366ff;\">Mai 2019<\/span><\/p>\n<p><span style=\"color: #3366ff;\">Nous avons pass\u00e9 un excellent s\u00e9jour dans cette maison jolie et bien \u00e9quip\u00e9e ( ne manquaient que des torchons et du charbon). Le cadre est tr\u00e8s agr\u00e9able. Id\u00e9al pour un s\u00e9jour en famille ou entre amis.<\/span><\/p>\n<hr>\n<p>&nbsp;<\/p>\n<p><span style=\"color: #3366ff;\">Mai 2018<\/span><br \/>\n<span style=\"color: #3366ff;\">La maison \u00e9tait parfaite pour nous, avec un jardin pour les enfants. Les chambres sont de bonne taille, lumineuses et bien am\u00e9nag\u00e9es. De la salle de s\u00e9jour spacieuse, vous entrez directement dans le grand jardin. Parfait pour les enfants. La salle de bain et la cuisine sont simples mais pratiques. La maison est g\u00e9niale et nous reviendrons \u00e0 coup s\u00fbr, surtout que Berni\u00e8res est un endroit id\u00e9al pour des vacances sur les plages du d\u00e9barquement.<\/span><\/p>\n<hr>\n<p><span style=\"color: #3366ff;\">Mai 2018<\/span><br \/>\n<span style=\"color: #3366ff;\">La maison est tr\u00e8s bien situ\u00e9e sur une rue tr\u00e8s calme. Tr\u00e8s proche de la plage, le supermarch\u00e9 et la boulangerie. Tr\u00e8s propre, avec un petit jardin ou nos enfants ont pu joue. La cuisine est tr\u00e8s bien \u00e9quip\u00e9. Le propri\u00e9taire est tr\u00e8s gentil, r\u00e9ponds tr\u00e8s vite aux emails et donne beaucoup de informations. Si on visite Normandie encore une fois certainement je resterai dans cette maison encore une fois.<\/span><\/p>\n<hr>\n<p><span style=\"color: #3366ff;\">Mai 2018<\/span><br \/>\n<span style=\"color: #3366ff;\">Location qui \u00e9tait parfaite pour nous. Merci.<\/span><\/p>\n<hr>\n<p><span style=\"color: #3366ff;\">Mai 2017<\/span><br \/>\n<span style=\"color: #3366ff;\">Logement tr\u00e8s agr\u00e9able, propre et pratique. Le jardin est magnifique et les plages de Bernieres sur mer immenses. Je recommande vivement !<\/span><\/p>\n<hr>\n<p><span style=\"color: #3366ff;\">Mai 2017<\/span><br \/>\n<span style=\"color: #3366ff;\">Nous avions r\u00e9serv\u00e9 le logement pour notre mariage et nous avons pu h\u00e9berger quelques amis. Nous avons beaucoup appr\u00e9ci\u00e9 la disponibilit\u00e9 et la gestion parfaite que ce soit avant, pendant la location ou \u00e0 la remise des clefs. La maison est fonctionnelle et tr\u00e8s agr\u00e9able. Merci \u00e0 nos h\u00f4tes pour ce beau s\u00e9jour.<\/span><\/p>\n<hr>\n<p><span style=\"color: #3366ff;\">Avril 2017<\/span><br \/>\n<span style=\"color: #3366ff;\">Very nice house with amazing garden, not faraway from the beach and city centre. Children friendly<\/span><\/p>\n<hr>\n<p><span style=\"color: #3366ff;\">D\u00e9cembre 2016<\/span><br \/>\n<span style=\"color: #3366ff;\">S\u00e9jour agr\u00e9able dans la maison de Jean-Louis a 5 minutes \u00e0 pied de la plage. Cette maison est fonctionnelle, lumineuse et conforme aux photos. La r\u00e9novation a \u00e9t\u00e9 r\u00e9alis\u00e9e avec soin. Seule la salle de bain m\u00e9riterait un rafra\u00eechissement mais il est tr\u00e8s probable que ceci sera fait dans les ann\u00e9es \u00e0 venir.<\/span><\/p>\n<hr>\n<p><span style=\"color: #3366ff;\">D\u00e9cembre 2016<\/span><br \/>\n<span style=\"color: #3366ff;\">Tr\u00e8s bon s\u00e9jour, jardin id\u00e9al pour les enfants ! Proche de la plage. La petite maison est charmante et il y a tout le confort n\u00e9cessaire.<\/span><\/p>\n<hr>\n<p><span style=\"color: #3366ff;\">Octobre 2016<\/span><br \/>\n<span style=\"color: #3366ff;\">Agr\u00e9able maison tr\u00e8s bien situ\u00e9e avec toutes les commodit\u00e9s n\u00e9cessaires. Tr\u00e8s bien plac\u00e9e et \u00e0 proximit\u00e9 de tout \u00e0 pieds. Super, pour un Week end avec enfants. Tr\u00e8s bonne communication avec le propri\u00e9taire qui a fait en sorte de nous arranger pour les horaires.<\/span><\/p>\n<hr>\n<p><span style=\"color: #3366ff;\">Mai 2016<\/span><br \/>\n<span style=\"color: #3366ff;\">Nous avons pass\u00e9 un tr\u00e8s bon s\u00e9jour \u00e0 Berni\u00e8res sur mer dans la maison de Jean-Louis! Nous avons particuli\u00e8rement appr\u00e9ci\u00e9 la propret\u00e9 des lieux et le c\u00f4t\u00e9 fonctionnel de la maison. Extr\u00eamement lumineuse gr\u00e2ce aux grandes fen\u00eatres, la maison est tr\u00e8s agr\u00e9able \u00e0 vivre et le jardin de plein pied est tr\u00e8s pratique pour les jeunes enfants. Nous avons pu \u00e9galement profiter du barbecue \u00e0 disposition et de la plage de Bernieres accessible \u00e0 pied. Nous recommandons sans h\u00e9siter !<\/span><\/p>\n","protected":false},"excerpt":{"rendered":"<p>Aout 2023 \u00ab\u00a0le logement \u00e9tait super\u00a0\u00bb&nbsp; Rien \u00e0 redire le logement \u00e9tait super Juillet 2023 \u00ab\u00a0Jolie maison\u00a0\u00bb Jolie maison avec un jardin agr\u00e9able maison tr\u00e8s propre et super bien situ\u00e9e. a pied pour les commerces et la plage Juillet 2023 \u00ab\u00a0Charmante maison\u00a0\u00bb Charmante maison proche de la mer et bien d\u00e9cor\u00e9e, agr\u00e9able pour un s\u00e9jour <a class=\"read-more\" href=\"https:\/\/maison-bernieres.fr\/?page_id=436\">[&hellip;]<\/a><\/p>\n","protected":false},"author":1,"featured_media":0,"parent":0,"menu_order":0,"comment_status":"closed","ping_status":"closed","template":"","meta":{"ngg_post_thumbnail":0,"footnotes":""},"class_list":["post-436","page","type-page","status-publish","hentry"],"_links":{"self":[{"href":"https:\/\/maison-bernieres.fr\/index.php?rest_route=\/wp\/v2\/pages\/436","targetHints":{"allow":["GET"]}}],"collection":[{"href":"https:\/\/maison-bernieres.fr\/index.php?rest_route=\/wp\/v2\/pages"}],"about":[{"href":"https:\/\/maison-bernieres.fr\/index.php?rest_route=\/wp\/v2\/types\/page"}],"author":[{"embeddable":true,"href":"https:\/\/maison-bernieres.fr\/index.php?rest_route=\/wp\/v2\/users\/1"}],"replies":[{"embeddable":true,"href":"https:\/\/maison-bernieres.fr\/index.php?rest_route=%2Fwp%2Fv2%2Fcomments&post=436"}],"version-history":[{"count":46,"href":"https:\/\/maison-bernieres.fr\/index.php?rest_route=\/wp\/v2\/pages\/436\/revisions"}],"predecessor-version":[{"id":792,"href":"https:\/\/maison-bernieres.fr\/index.php?rest_route=\/wp\/v2\/pages\/436\/revisions\/792"}],"wp:attachment":[{"href":"https:\/\/maison-bernieres.fr\/index.php?rest_route=%2Fwp%2Fv2%2Fmedia&parent=436"}],"curies":[{"name":"wp","href":"https:\/\/api.w.org\/{rel}","templated":true}]}}