{"id":238,"date":"2015-05-14T08:48:51","date_gmt":"2015-05-14T07:48:51","guid":{"rendered":"http:\/\/maison-bernieres.fr\/?page_id=238"},"modified":"2021-03-14T08:41:44","modified_gmt":"2021-03-14T07:41:44","slug":"accueil","status":"publish","type":"page","link":"https:\/\/maison-bernieres.fr\/","title":{"rendered":"Accueil"},"content":{"rendered":"<p><span style=\"color: #3366ff;\">A 8 minutes \u00e0 pied de la plage, dans le bourg de Berni\u00e8res sur mer, station baln\u00e9aire familiale, une maison de 80m\u00b2 pour 6 personnes avec un jardin clos de 500&nbsp;m\u00b2.<\/span><\/p>\n<p><span style=\"color: #3366ff;\">Grande pi\u00e8ce de vie lumineuse avec acc\u00e8s de plain pied au jardin, cuisine avec espace repas (MO, LV, combi-congel), salon (TV), 3 chambres (2 avec lit 140&#215;200, 1 avec 2 lits 90&#215;190), salle de bain avec douche et double vasque (LL) et WC ind\u00e9pendant.<\/span><\/p>\n<p><span style=\"color: #3366ff;\">Lit parapluie avec matelas, chaise haute et baignoire b\u00e9b\u00e9 sur demande.<\/span><br \/>\n<span style=\"color: #3366ff;\">Location non fumeur, pas de connexion WIFI et les animaux ne sont pas accept\u00e9s.<\/span><\/p>\n<p><span style=\"color: #3366ff;\">A proximit\u00e9: plage, commerces, tennis, centre \u00e9questre, club de voile, port de Courseulles sur mer, restaurant, casino&#8230;.<\/span><br \/>\n<span style=\"color: #3366ff;\">Au c\u0153ur du secteur canadien des plages du D\u00e9barquement.<\/span><\/p>\n<p><a href=\"https:\/\/www.france-voyage.com\/locations-vacances\/location-bernieres-sur-mer-86762.htm\" target=\"_blank\" rel=\"noopener\"><img decoding=\"async\" style=\"border: 0;\" src=\"https:\/\/www.france-voyage.com\/visuals\/pro\/label.gif\" alt=\"Location de vacances dans le Calvados\"><\/a><\/p>\n","protected":false},"excerpt":{"rendered":"<p>A 8 minutes \u00e0 pied de la plage, dans le bourg de Berni\u00e8res sur mer, station baln\u00e9aire familiale, une maison de 80m\u00b2 pour 6 personnes avec un jardin clos de 500&nbsp;m\u00b2. Grande pi\u00e8ce de vie lumineuse avec acc\u00e8s de plain pied au jardin, cuisine avec espace repas (MO, LV, combi-congel), salon (TV), 3 chambres (2 <a class=\"read-more\" href=\"https:\/\/maison-bernieres.fr\/\">[&hellip;]<\/a><\/p>\n","protected":false},"author":1,"featured_media":0,"parent":0,"menu_order":0,"comment_status":"closed","ping_status":"closed","template":"","meta":{"ngg_post_thumbnail":0,"footnotes":""},"class_list":["post-238","page","type-page","status-publish","hentry"],"_links":{"self":[{"href":"https:\/\/maison-bernieres.fr\/index.php?rest_route=\/wp\/v2\/pages\/238","targetHints":{"allow":["GET"]}}],"collection":[{"href":"https:\/\/maison-bernieres.fr\/index.php?rest_route=\/wp\/v2\/pages"}],"about":[{"href":"https:\/\/maison-bernieres.fr\/index.php?rest_route=\/wp\/v2\/types\/page"}],"author":[{"embeddable":true,"href":"https:\/\/maison-bernieres.fr\/index.php?rest_route=\/wp\/v2\/users\/1"}],"replies":[{"embeddable":true,"href":"https:\/\/maison-bernieres.fr\/index.php?rest_route=%2Fwp%2Fv2%2Fcomments&post=238"}],"version-history":[{"count":17,"href":"https:\/\/maison-bernieres.fr\/index.php?rest_route=\/wp\/v2\/pages\/238\/revisions"}],"predecessor-version":[{"id":714,"href":"https:\/\/maison-bernieres.fr\/index.php?rest_route=\/wp\/v2\/pages\/238\/revisions\/714"}],"wp:attachment":[{"href":"https:\/\/maison-bernieres.fr\/index.php?rest_route=%2Fwp%2Fv2%2Fmedia&parent=238"}],"curies":[{"name":"wp","href":"https:\/\/api.w.org\/{rel}","templated":true}]}}